{"id":46,"date":"2022-04-16T06:45:06","date_gmt":"2022-04-16T06:45:06","guid":{"rendered":"https:\/\/ugard.org\/?page_id=46"},"modified":"2026-04-28T02:02:08","modified_gmt":"2026-04-27T23:02:08","slug":"faaliyet-raporlarimiz","status":"publish","type":"page","link":"https:\/\/ugard.org.tr\/index.php\/faaliyet-raporlarimiz\/","title":{"rendered":"FAAL\u0130YET RAPORLARIMIZ"},"content":{"rendered":"\n<div class=\"wp-block-group ugad-reports-page has-global-padding is-layout-constrained wp-block-group-is-layout-constrained\">\n\n\n<div class=\"wp-block-group ugad-reports-wrap has-global-padding is-layout-constrained wp-block-group-is-layout-constrained\">\n\n\n<div class=\"wp-block-group ugad-reports-intro has-global-padding is-layout-constrained wp-block-group-is-layout-constrained\">\n\n\n<p class=\"ugad-reports-eyebrow\">UGARD<\/p>\n\n\n\n<h2 class=\"wp-block-heading ugad-reports-title\">Faaliyet Raporlar\u0131m\u0131z<\/h2>\n\n\n\n<p class=\"ugad-reports-text\">Uluslararas\u0131 Gen\u00e7 Aray\u0131\u015f Derne\u011fi\u2019nin y\u0131llara g\u00f6re yay\u0131mlanan faaliyet raporlar\u0131na a\u015fa\u011f\u0131dan ula\u015fabilirsiniz.<\/p>\n\n\n<\/div>\n\n\n\n<div class=\"wp-block-group ugad-report-grid has-global-padding is-layout-constrained wp-block-group-is-layout-constrained\">\n\n\n<div class=\"wp-block-group ugad-report-card has-global-padding is-layout-constrained wp-block-group-is-layout-constrained\">\n\n<p class=\"ugad-report-year\">2025<\/p>\n\n\n<p class=\"ugad-report-name\">UGARD 2025 Y\u0131l\u0131 Faaliyet Raporu<\/p>\n\n\n<div class=\"wp-block-buttons is-layout-flex wp-block-buttons-is-layout-flex\">\n<div class=\"wp-block-button ugad-report-button\"><a class=\"wp-block-button__link wp-element-button\" href=\"https:\/\/ugard.org.tr\/wp-content\/uploads\/2026\/03\/2025-yili-faaliyet-raporu-1_compressed-2.pdf\" target=\"_blank\" rel=\"noreferrer noopener\">Raporu A\u00e7<\/a><\/div>\n<\/div>\n\n<\/div>\n\n\n\n<div class=\"wp-block-group ugad-report-card has-global-padding is-layout-constrained wp-block-group-is-layout-constrained\">\n\n<p class=\"ugad-report-year\">2024<\/p>\n\n\n<p class=\"ugad-report-name\">UGARD 2024 Y\u0131l\u0131 Faaliyet Raporu<\/p>\n\n\n<div class=\"wp-block-buttons is-layout-flex wp-block-buttons-is-layout-flex\">\n<div class=\"wp-block-button ugad-report-button\"><a class=\"wp-block-button__link wp-element-button\" href=\"https:\/\/ugard.org\/wp-content\/uploads\/2025\/02\/2024-Yili-Faaliyet-Raporu_compressed.pdf\" target=\"_blank\" rel=\"noreferrer noopener\">Raporu A\u00e7<\/a><\/div>\n<\/div>\n\n<\/div>\n\n\n\n<div class=\"wp-block-group ugad-report-card has-global-padding is-layout-constrained wp-block-group-is-layout-constrained\">\n\n<p class=\"ugad-report-year\">2023<\/p>\n\n\n<p class=\"ugad-report-name\">UGARD 2023 Y\u0131l\u0131 Faaliyet Raporu<\/p>\n\n\n<div class=\"wp-block-buttons is-layout-flex wp-block-buttons-is-layout-flex\">\n<div class=\"wp-block-button ugad-report-button\"><a class=\"wp-block-button__link wp-element-button\" href=\"https:\/\/ugard.org\/wp-content\/uploads\/2024\/03\/UGARD-2023-Yili-Faaliyet-Raporu.pdf\" target=\"_blank\" rel=\"noreferrer noopener\">Raporu A\u00e7<\/a><\/div>\n<\/div>\n\n<\/div>\n\n\n\n<div class=\"wp-block-group ugad-report-card has-global-padding is-layout-constrained wp-block-group-is-layout-constrained\">\n\n<p class=\"ugad-report-year\">2022<\/p>\n\n\n<p class=\"ugad-report-name\">UGARD 2022 Y\u0131l\u0131 Faaliyet Raporu<\/p>\n\n\n<div class=\"wp-block-buttons is-layout-flex wp-block-buttons-is-layout-flex\">\n<div class=\"wp-block-button ugad-report-button\"><a class=\"wp-block-button__link wp-element-button\" href=\"https:\/\/ugard.org\/wp-content\/uploads\/2023\/03\/2022-yili-faaliyet-raporu_compressed-1.pdf\" target=\"_blank\" rel=\"noreferrer noopener\">Raporu A\u00e7<\/a><\/div>\n<\/div>\n\n<\/div>\n\n\n\n<div class=\"wp-block-group ugad-report-card has-global-padding is-layout-constrained wp-block-group-is-layout-constrained\">\n\n<p class=\"ugad-report-year\">2021<\/p>\n\n\n<p class=\"ugad-report-name\">UGARD 2021 Y\u0131l\u0131 Faaliyet Raporu<\/p>\n\n\n<div class=\"wp-block-buttons is-layout-flex wp-block-buttons-is-layout-flex\">\n<div class=\"wp-block-button ugad-report-button\"><a class=\"wp-block-button__link wp-element-button\" href=\"https:\/\/ugard.org\/wp-content\/uploads\/2022\/04\/2021%20Faaliyet%20raporu.pdf\" target=\"_blank\" rel=\"noreferrer noopener\">Raporu A\u00e7<\/a><\/div>\n<\/div>\n\n<\/div>\n\n\n<\/div>\n\n\n<\/div>\n\n\n<\/div>\n","protected":false},"excerpt":{"rendered":"<p>UGARD Faaliyet Raporlar\u0131m\u0131z Uluslararas\u0131 Gen\u00e7 Aray\u0131\u015f Derne\u011fi\u2019nin y\u0131llara g\u00f6re yay\u0131mlanan faaliyet raporlar\u0131na a\u015fa\u011f\u0131dan ula\u015fabilirsiniz. 2025 UGARD 2025 Y\u0131l\u0131 Faaliyet Raporu 2024 UGARD 2024 Y\u0131l\u0131 Faaliyet Raporu 2023 UGARD 2023 Y\u0131l\u0131 Faaliyet Raporu 2022 UGARD 2022 Y\u0131l\u0131 Faaliyet Raporu 2021 UGARD 2021 Y\u0131l\u0131 Faaliyet Raporu<\/p>\n","protected":false},"author":1,"featured_media":0,"parent":0,"menu_order":0,"comment_status":"closed","ping_status":"closed","template":"","meta":{"footnotes":""},"class_list":["post-46","page","type-page","status-publish","hentry"],"_links":{"self":[{"href":"https:\/\/ugard.org.tr\/index.php\/wp-json\/wp\/v2\/pages\/46","targetHints":{"allow":["GET"]}}],"collection":[{"href":"https:\/\/ugard.org.tr\/index.php\/wp-json\/wp\/v2\/pages"}],"about":[{"href":"https:\/\/ugard.org.tr\/index.php\/wp-json\/wp\/v2\/types\/page"}],"author":[{"embeddable":true,"href":"https:\/\/ugard.org.tr\/index.php\/wp-json\/wp\/v2\/users\/1"}],"replies":[{"embeddable":true,"href":"https:\/\/ugard.org.tr\/index.php\/wp-json\/wp\/v2\/comments?post=46"}],"version-history":[{"count":6,"href":"https:\/\/ugard.org.tr\/index.php\/wp-json\/wp\/v2\/pages\/46\/revisions"}],"predecessor-version":[{"id":1471,"href":"https:\/\/ugard.org.tr\/index.php\/wp-json\/wp\/v2\/pages\/46\/revisions\/1471"}],"wp:attachment":[{"href":"https:\/\/ugard.org.tr\/index.php\/wp-json\/wp\/v2\/media?parent=46"}],"curies":[{"name":"wp","href":"https:\/\/api.w.org\/{rel}","templated":true}]}}