{"id":52,"date":"2022-04-16T07:02:00","date_gmt":"2022-04-16T07:02:00","guid":{"rendered":"https:\/\/ugard.org\/?page_id=52"},"modified":"2026-04-28T15:27:00","modified_gmt":"2026-04-28T12:27:00","slug":"bagis-yap","status":"publish","type":"page","link":"https:\/\/ugard.org.tr\/index.php\/bagis-yap\/","title":{"rendered":"BA\u011eI\u015e YAP"},"content":{"rendered":"\n<div class=\"wp-block-group ugad-donation-page has-global-padding is-layout-constrained wp-block-group-is-layout-constrained\">\n<div class=\"wp-block-group ugad-donation-wrap has-global-padding is-layout-constrained wp-block-group-is-layout-constrained\">\n<div class=\"wp-block-group ugad-donation-card ugad-donation-intro has-global-padding is-layout-constrained wp-block-group-is-layout-constrained\">\n<p class=\"ugad-donation-eyebrow\">UGARD<\/p>\n\n\n\n<h2 class=\"wp-block-heading ugad-donation-title\">Ba\u011f\u0131\u015f Bilgileri<\/h2>\n\n\n\n<p class=\"ugad-donation-text\">Uluslararas\u0131 Gen\u00e7 Aray\u0131\u015f Derne\u011fi ad\u0131na ba\u011f\u0131\u015f yapmak i\u00e7in a\u015fa\u011f\u0131daki TL, EURO ve USD hesap bilgilerini kullanabilirsiniz. Dilerseniz ilgili QR kodu okutarak da ba\u011f\u0131\u015f i\u015flemini ger\u00e7ekle\u015ftirebilirsiniz.<\/p>\n<\/div>\n\n\n\n<div class=\"wp-block-columns ugad-bank-grid ugad-bank-grid-3 is-layout-flex wp-container-core-columns-is-layout-28f84493 wp-block-columns-is-layout-flex\">\n<div class=\"wp-block-column ugad-bank-card is-layout-flow wp-block-column-is-layout-flow\">\n<h3 class=\"wp-block-heading ugad-bank-currency\">TL Hesab\u0131<\/h3>\n\n\n\n<p class=\"ugad-bank-label\">Banka<\/p>\n\n\n\n<p class=\"ugad-bank-value\">Ziraat Bankas\u0131<\/p>\n\n\n\n<p class=\"ugad-bank-label\">Hesap Sahibi<\/p>\n\n\n\n<p class=\"ugad-bank-value\">Uluslararas\u0131 Gen\u00e7 Aray\u0131\u015f Derne\u011fi<\/p>\n\n\n\n<p class=\"ugad-bank-label\">IBAN<\/p>\n\n\n\n<p class=\"ugad-bank-value ugad-bank-iban\">TR 5000 0100 2550 9815 0997 5001<\/p>\n\n\n\n<figure class=\"wp-block-image size-full ugad-bank-qr\"><img loading=\"lazy\" decoding=\"async\" width=\"885\" height=\"1068\" src=\"https:\/\/ugard.org.tr\/wp-content\/uploads\/2026\/04\/qr-tl.jpeg\" alt=\"\" class=\"wp-image-1512\" srcset=\"https:\/\/ugard.org.tr\/wp-content\/uploads\/2026\/04\/qr-tl.jpeg 885w, https:\/\/ugard.org.tr\/wp-content\/uploads\/2026\/04\/qr-tl-249x300.jpeg 249w, https:\/\/ugard.org.tr\/wp-content\/uploads\/2026\/04\/qr-tl-849x1024.jpeg 849w, https:\/\/ugard.org.tr\/wp-content\/uploads\/2026\/04\/qr-tl-768x927.jpeg 768w\" sizes=\"auto, (max-width: 885px) 100vw, 885px\" \/><\/figure>\n<\/div>\n\n\n\n<div class=\"wp-block-column ugad-bank-card is-layout-flow wp-block-column-is-layout-flow\">\n<h3 class=\"wp-block-heading ugad-bank-currency\">EURO Hesab\u0131<\/h3>\n\n\n\n<p class=\"ugad-bank-label\">Banka<\/p>\n\n\n\n<p class=\"ugad-bank-value\">Ziraat Bankas\u0131<\/p>\n\n\n\n<p class=\"ugad-bank-label\">Hesap Sahibi<\/p>\n\n\n\n<p class=\"ugad-bank-value\">Uluslararas\u0131 Gen\u00e7 Aray\u0131\u015f Derne\u011fi<\/p>\n\n\n\n<p class=\"ugad-bank-label\">IBAN<\/p>\n\n\n\n<p class=\"ugad-bank-value ugad-bank-iban\">TR 2300 0100 2550 9815 0997 5002<\/p>\n\n\n\n<figure class=\"wp-block-image size-full ugad-bank-qr\"><img loading=\"lazy\" decoding=\"async\" width=\"885\" height=\"1068\" src=\"https:\/\/ugard.org.tr\/wp-content\/uploads\/2026\/04\/qr-euro.jpeg\" alt=\"\" class=\"wp-image-1511\" srcset=\"https:\/\/ugard.org.tr\/wp-content\/uploads\/2026\/04\/qr-euro.jpeg 885w, https:\/\/ugard.org.tr\/wp-content\/uploads\/2026\/04\/qr-euro-249x300.jpeg 249w, https:\/\/ugard.org.tr\/wp-content\/uploads\/2026\/04\/qr-euro-849x1024.jpeg 849w, https:\/\/ugard.org.tr\/wp-content\/uploads\/2026\/04\/qr-euro-768x927.jpeg 768w\" sizes=\"auto, (max-width: 885px) 100vw, 885px\" \/><\/figure>\n<\/div>\n\n\n\n<div class=\"wp-block-column ugad-bank-card is-layout-flow wp-block-column-is-layout-flow\">\n<h3 class=\"wp-block-heading ugad-bank-currency\">USD Hesab\u0131<\/h3>\n\n\n\n<p class=\"ugad-bank-label\">Banka<\/p>\n\n\n\n<p class=\"ugad-bank-value\">Ziraat Bankas\u0131<\/p>\n\n\n\n<p class=\"ugad-bank-label\">Hesap Sahibi<\/p>\n\n\n\n<p class=\"ugad-bank-value\">Uluslararas\u0131 Gen\u00e7 Aray\u0131\u015f Derne\u011fi<\/p>\n\n\n\n<p class=\"ugad-bank-label\">IBAN<\/p>\n\n\n\n<p class=\"ugad-bank-value ugad-bank-iban\">TR 5500 0100 2550 9815 0997 5008<\/p>\n\n\n\n<figure class=\"wp-block-image size-full ugad-bank-qr\"><img loading=\"lazy\" decoding=\"async\" width=\"885\" height=\"1068\" src=\"https:\/\/ugard.org.tr\/wp-content\/uploads\/2026\/04\/qr-dolar.jpeg\" alt=\"\" class=\"wp-image-1510\" srcset=\"https:\/\/ugard.org.tr\/wp-content\/uploads\/2026\/04\/qr-dolar.jpeg 885w, https:\/\/ugard.org.tr\/wp-content\/uploads\/2026\/04\/qr-dolar-249x300.jpeg 249w, https:\/\/ugard.org.tr\/wp-content\/uploads\/2026\/04\/qr-dolar-849x1024.jpeg 849w, https:\/\/ugard.org.tr\/wp-content\/uploads\/2026\/04\/qr-dolar-768x927.jpeg 768w\" sizes=\"auto, (max-width: 885px) 100vw, 885px\" \/><\/figure>\n<\/div>\n<\/div>\n<\/div>\n<\/div>\n","protected":false},"excerpt":{"rendered":"<p>UGARD Ba\u011f\u0131\u015f Bilgileri Uluslararas\u0131 Gen\u00e7 Aray\u0131\u015f Derne\u011fi ad\u0131na ba\u011f\u0131\u015f yapmak i\u00e7in a\u015fa\u011f\u0131daki TL, EURO ve USD hesap bilgilerini kullanabilirsiniz. Dilerseniz ilgili QR kodu okutarak da ba\u011f\u0131\u015f i\u015flemini ger\u00e7ekle\u015ftirebilirsiniz. TL Hesab\u0131 Banka Ziraat Bankas\u0131 Hesap Sahibi Uluslararas\u0131 Gen\u00e7 Aray\u0131\u015f Derne\u011fi IBAN TR 5000 0100 2550 9815 0997 5001 EURO Hesab\u0131 Banka Ziraat Bankas\u0131 Hesap Sahibi Uluslararas\u0131 [&hellip;]<\/p>\n","protected":false},"author":1,"featured_media":0,"parent":0,"menu_order":1,"comment_status":"closed","ping_status":"closed","template":"","meta":{"footnotes":""},"class_list":["post-52","page","type-page","status-publish","hentry"],"_links":{"self":[{"href":"https:\/\/ugard.org.tr\/index.php\/wp-json\/wp\/v2\/pages\/52","targetHints":{"allow":["GET"]}}],"collection":[{"href":"https:\/\/ugard.org.tr\/index.php\/wp-json\/wp\/v2\/pages"}],"about":[{"href":"https:\/\/ugard.org.tr\/index.php\/wp-json\/wp\/v2\/types\/page"}],"author":[{"embeddable":true,"href":"https:\/\/ugard.org.tr\/index.php\/wp-json\/wp\/v2\/users\/1"}],"replies":[{"embeddable":true,"href":"https:\/\/ugard.org.tr\/index.php\/wp-json\/wp\/v2\/comments?post=52"}],"version-history":[{"count":5,"href":"https:\/\/ugard.org.tr\/index.php\/wp-json\/wp\/v2\/pages\/52\/revisions"}],"predecessor-version":[{"id":1559,"href":"https:\/\/ugard.org.tr\/index.php\/wp-json\/wp\/v2\/pages\/52\/revisions\/1559"}],"wp:attachment":[{"href":"https:\/\/ugard.org.tr\/index.php\/wp-json\/wp\/v2\/media?parent=52"}],"curies":[{"name":"wp","href":"https:\/\/api.w.org\/{rel}","templated":true}]}}